{"id":3156,"date":"2015-06-28T05:22:39","date_gmt":"2015-06-28T03:22:39","guid":{"rendered":"https:\/\/www.vintagepalermo.it\/guida-alla-citta\/"},"modified":"2025-04-22T09:25:18","modified_gmt":"2025-04-22T07:25:18","slug":"guia-por-la-ciudad","status":"publish","type":"page","link":"https:\/\/www.vintagepalermo.it\/es\/guia-por-la-ciudad\/","title":{"rendered":"Guia por la ciudad"},"content":{"rendered":"<h2>TOP 10<\/h2>\n<ol>\n<li>La Catedral<\/li>\n<li>Quattro Canti, Plaza Pretoria e Plaza Bellini<\/li>\n<li>Catacumbas Cappuccini<\/li>\n<li>Palacio Reale e Capilla Palatina<\/li>\n<li>Teatro Massimo<\/li>\n<li>Duomo de Monreale<\/li>\n<li>Mercados: Ballar\u00f2, Capo y Vucciria<\/li>\n<li>Jardin Botanico<\/li>\n<li>Palacio Butera<\/li>\n<li>Mondello<\/li>\n<\/ol>\n<h3>Iglesias:<\/h3>\n<ol>\n<li>La Catedral<\/li>\n<li>Basilica de San Francisco de Asis<\/li>\n<li>Casa Professa (Iglesia de Jesus)<\/li>\n<li>San Giuseppe dei Teatini<\/li>\n<li>La Martorana<\/li>\n<li>Capilla Palatina<\/li>\n<li>Santa Caterina<\/li>\n<li>Lo Spasimo<\/li>\n<li>San Giovanni degli Eremiti<\/li>\n<li>San Domenico<\/li>\n<li>La Catena<\/li>\n<li>La Gancia<\/li>\n<li>Santa Teresa alla Kalsa<\/li>\n<li>Santuario Santa Rosalia<\/li>\n<li>San Giovanni degli Eremiti<\/li>\n<\/ol>\n<h3>Oratorios:<\/h3>\n<ol>\n<li>Santa Cita<\/li>\n<li>San Lorenzo<\/li>\n<li>Oratorio dei Bianchi<\/li>\n<li>Oratorio dell\u2019Immacolatella<\/li>\n<\/ol>\n<h3>Museos y Palacios:<\/h3>\n<ol>\n<li>Palacio Butera<\/li>\n<li>Palacio Abatellis<\/li>\n<li>Palacio Mirto<\/li>\n<li>Museo Arqueologico Salinas<\/li>\n<li>GAM (Galeria de arte moderno)<\/li>\n<li>Museo de las ceramicas \u00abStanze al genio\u00bb<\/li>\n<li>Zisa<\/li>\n<li>Palacio Riso<\/li>\n<li>Palacio Branciforte<\/li>\n<li>Fundacion Sant\u2019Elia<\/li>\n<li>Palacio Ajutamicristo<\/li>\n<li>Palazzina Cinese<\/li>\n<\/ol>\n<h3>Donde comer:<\/h3>\n<ul>\n<li>Quattro Mani (10% de descuento para nuestros huespedes)<\/li>\n<li>Nova (10% de descuento para nuestros huespedes)<\/li>\n<li>Ciurma Marina Yatching<\/li>\n<li>A&#8217; Cala<\/li>\n<li>Premiata Enoteca Buttic\u00e8<\/li>\n<li>Sardina Pasta Bar<\/li>\n<li>Prezzemolo e Vitale<\/li>\n<\/ul>\n<h3>Aperitivo:<\/h3>\n<div>\n<ul dir=\"auto\">\n<li>Seven (terraza con vista)<\/li>\n<li>Le Terrazze del Sole (terraza con vista)<\/li>\n<li>Nautoscopio (vista al mar)<\/li>\n<li>Calamida (vista al mar)<\/li>\n<li>Farmacia Alcolica (centro historico)<\/li>\n<\/ul>\n<\/div>\n<h3>Jornadas Turisticas:<\/h3>\n<ul>\n<li>Monreale \u2013 bus 389 desde Piazza Indipendenza \/ taxi (aproximadamente 30\u20ac )<\/li>\n<li>Cefal\u00f9 \u2013 tren desde la Estacion Central<\/li>\n<li>Mondello \u2013 bus 806 desde Piazza Croci \/ taxi (aproximadamente 30\u20ac )<\/li>\n<li>Monte Pellegrino y el santuario de Santa Rosalia \u2013 taxi (aproximadamente 30\u20ac)<\/li>\n<li>Capogallo y el Faro dell\u2019eremita \u2013 taxi (aproximadamente 30\u20ac )<\/li>\n<li>Scopello y Reserva del Zingaro \u2013 En auto (aproximadamente 50\/60min)<\/li>\n<li>Valle de los Templos de Agrigento \u2013 En auto (aproximadamente 1h30)<\/li>\n<\/ul>\n<h3><strong>Top instagrammable spots:<\/strong><\/h3>\n<ul>\n<li>Higueras centenarias de Piazza Marina<\/li>\n<li>Vicolo Brugn\u00f2<\/li>\n<li>Terrazze del Sole<\/li>\n<li>Terrazza di Santa Caterina<\/li>\n<li>Mondello<\/li>\n<li>La Cala<\/li>\n<li>Mercato di Ballar\u00f2 \u2013 streetfood &amp; steetart<\/li>\n<li>Casa Professa<\/li>\n<li>San Giovanni degli Eremiti<\/li>\n<\/ul>\n<h3><strong>El camino Anti-mafia:<\/strong><\/h3>\n<ul>\n<li>San Domenico \u2013 tumba deFalcone<\/li>\n<li>La Cala \u2013 murales dedicados a los jueces Falcone y Borsellino<\/li>\n<li>Arbol Falcone<\/li>\n<li>CIDMA a Corleone<\/li>\n<li>Casa Memoria Felicia y Peppino Impastato a Cinisi<\/li>\n<\/ul>\n<h2><strong>3 Itinerarios<\/strong><\/h2>\n<h3><strong><em>Que puedes hacer<\/em><\/strong><\/h3>\n<p>Desde el B&amp;B, camina por Corso Vittorio Emanuele. En el segundo cruce se encontrar\u00e1 en Quattro Canti. La pasteler\u00eda Costa, a pocos pasos de all\u00ed, es una parada imprescindible para probar los famosos cannoli sicilianos. Desde aqu\u00ed puedes visitar la iglesia de San Giuseppe dei Teatini y luego dirigirte a Piazza Pretoria con su magn\u00edfica fuente. Si tienes tiempo suficiente, haz una parada para visitar Santa Caterina, cuya vista desde los tejados no tiene precio. Contin\u00fae por Piazza Bellini, donde le espera la Iglesia Martorana. Es hora de tomar un caf\u00e9 en Stagnitta, una cafeteria hist\u00f3rica en el coraz\u00f3n de la ciudad. Al regresar a Via Maqueda notar\u00e1s que los nombres de las calles est\u00e1n escritos en varios idiomas, una se\u00f1al tangible de su pasado multicultural. Desde Via del Ponticello, en la carretera que lleva al famoso mercado Ballar\u00f2, se encuentra una de las joyas de Palermo: la Casa Professa. Una vez que llegues al mercado, del\u00e9itate con la comida callejera y busca el \u00abarte callejero\u00bb escondido en los callejones que cuenta la historia del barrio y su presente de integraci\u00f3n y uni\u00f3n de los pueblos.<\/p>\n<p>Una vez que hayas explorado Bellar\u00f2, busca Vicolo Brugn\u00f2, que te dar\u00e1 una visi\u00f3n \u00fanica de la Catedral de Palermo. Recuerda que la visita a la Catedral no se detiene en su fachada principal\u2026 haz un recorrido de 360\u00b0 y descubrir\u00e1s huellas de su pasado \u00e1rabe.<\/p>\n<p>Desde la Catedral, puedes cruzar Villa Bonanno con sus altas palmeras y pasa por Porta Nuova para llegar al Palacio Real. En el interior del palacio encontrar\u00e1s la Capilla Palatina, la guinda de este primer itinerario.<\/p>\n<h3><strong><em>La Kalsa<\/em><\/strong><\/h3>\n<p>Nuestro vecindario est\u00e1 esperando por ser descubierto. Comience con un paseo por Piazza Marina y admire sus \u00e1rboles centenarios. Los domingos tambi\u00e9n se celebra el famoso mercado de antig\u00fcedades. A pocos pasos de nosotros el maravilloso Palazzo Mirto le har\u00e1 descubrir el noble Palermo. Continuando se encuentra Piazza Magione con su Bas\u00edlica y Lo Spasimo y seguido por el Jard\u00edn Bot\u00e1nico. Al regresar se puede visitar el Palacio Abatellis y el Palacio Butera, dar un paseo por las murallas \u00abmalas\u00bb y por el peque\u00f1o puerto tur\u00edstico de la Cala desde donde se puede admirar el mural dedicado a los jueces Falcone y Borsellino. Al atardecer, toma un aperitivo en el Nautoscopio, entre la brisa del mar y una vista magn\u00edfica. Justo detr\u00e1s del B&amp;B se encuentra la Bas\u00edlica de San Francisco, el Oratorio San Lorenzo y via Paternostro con sus tiendas de artesanos locales, perfectas para un souvenir \u00fanico y sostenible. Si te encantan las iglesias, aqu\u00ed tienes otras joyas: La Catena, La Gancia y Santa Teresa alla Kalsa. No falta comida callejera en Franco u Vastiddaro, Antica Focacceria San Francesco y Porta Carbone. Prueba el bocadillo de panelle y crocch\u00e8 y, para los m\u00e1s atrevidos, el bocadillo de \u00abmilza\u00bb.<\/p>\n<h3><strong><em>Mercados, Opera y mucho m\u00e1s<\/em><\/strong><\/h3>\n<p>Empecemos por el coraz\u00f3n palpitante de Capo, uno de los tres mercados hist\u00f3ricos de Palermo. Temprano en la ma\u00f1ana encontrar\u00e1s vendedores de pescado fresco y el t\u00edpico aroma de la comida callejera. Det\u00e9ngase en Bistrot Le Angeliche para tomar un caf\u00e9 y un trozo de pastel antes de continuar hacia su siguiente parada.<\/p>\n<p>El Teatro Massimo, uno de los m\u00e1s grandes de Europa, ocupa el tercer lugar en t\u00e9rminos de tama\u00f1o arquitect\u00f3nico despu\u00e9s de la \u00d3pera Nacional de Par\u00eds y la Staatsoper de Viena. Puedes visitarlo o reservar entradas para \u00f3peras y ballets para disfrutarlo como espectadores y no como turistas.<\/p>\n<p>Contin\u00fae hacia Piazza Olivella y el Museo Arqueol\u00f3gico de Salinas para sumergirse en el pasado.<\/p>\n<p>Siguiendo via Bara all&#8217;Olivella llegar\u00e1s al Palazzo Branciforte, un hermoso museo con un restaurante contiguo. A un paso de aqu\u00ed se encuentra el magn\u00edfico Oratorio de Santa Cita. Est\u00e1s a 5 minutos a pie de la entrada al mercado de Vucciria en la Piazza San Domenico, cuya iglesia alberga la tumba del juez Falcone. Explora el mercado y disfruta de su comida callejera, as\u00ed como de los graffitis que lo adornan y haz una parada para tomar un aperitivo o cenar&#8230; \u00a1Vucciria es famosa por su vida nocturna!<\/p>\n","protected":false},"excerpt":{"rendered":"<p>TOP 10 La Catedral Quattro Canti, Plaza Pretoria e Plaza Bellini Catacumbas Cappuccini Palacio Reale e Capilla Palatina Teatro Massimo Duomo de Monreale Mercados: Ballar\u00f2, Capo y Vucciria Jardin Botanico Palacio Butera Mondello Iglesias: La Catedral Basilica de San Francisco &hellip; <a href=\"https:\/\/www.vintagepalermo.it\/es\/guia-por-la-ciudad\/\">Read More<\/a><\/p>\n","protected":false},"author":1,"featured_media":0,"parent":0,"menu_order":0,"comment_status":"closed","ping_status":"closed","template":"page-template-mappa.php","meta":{"footnotes":""},"class_list":["post-3156","page","type-page","status-publish","hentry"],"yoast_head":"<!-- This site is optimized with the Yoast SEO plugin v27.4 - https:\/\/yoast.com\/product\/yoast-seo-wordpress\/ -->\n<title>Guia por la ciudad - Boutique B&amp;B Vintage - Bed &amp; Breakfast a Palermo<\/title>\n<meta name=\"robots\" content=\"index, follow, max-snippet:-1, max-image-preview:large, max-video-preview:-1\" \/>\n<link rel=\"canonical\" href=\"https:\/\/www.vintagepalermo.it\/es\/guia-por-la-ciudad\/\" \/>\n<meta property=\"og:locale\" content=\"es_ES\" \/>\n<meta property=\"og:type\" content=\"article\" \/>\n<meta property=\"og:title\" content=\"Guia por la ciudad - Boutique B&amp;B Vintage - Bed &amp; Breakfast a Palermo\" \/>\n<meta property=\"og:description\" content=\"TOP 10 La Catedral Quattro Canti, Plaza Pretoria e Plaza Bellini Catacumbas Cappuccini Palacio Reale e Capilla Palatina Teatro Massimo Duomo de Monreale Mercados: Ballar\u00f2, Capo y Vucciria Jardin Botanico Palacio Butera Mondello Iglesias: La Catedral Basilica de San Francisco &hellip; Read More\" \/>\n<meta property=\"og:url\" content=\"https:\/\/www.vintagepalermo.it\/es\/guia-por-la-ciudad\/\" \/>\n<meta property=\"og:site_name\" content=\"Boutique B&amp;B Vintage - Bed &amp; Breakfast a Palermo\" \/>\n<meta property=\"article:modified_time\" content=\"2025-04-22T07:25:18+00:00\" \/>\n<meta name=\"twitter:card\" content=\"summary_large_image\" \/>\n<meta name=\"twitter:label1\" content=\"Tiempo de lectura\" \/>\n\t<meta name=\"twitter:data1\" content=\"6 minutos\" \/>\n<script type=\"application\/ld+json\" class=\"yoast-schema-graph\">{\"@context\":\"https:\\\/\\\/schema.org\",\"@graph\":[{\"@type\":\"WebPage\",\"@id\":\"https:\\\/\\\/www.vintagepalermo.it\\\/es\\\/guia-por-la-ciudad\\\/\",\"url\":\"https:\\\/\\\/www.vintagepalermo.it\\\/es\\\/guia-por-la-ciudad\\\/\",\"name\":\"Guia por la ciudad - Boutique B&amp;B Vintage - Bed &amp; Breakfast a Palermo\",\"isPartOf\":{\"@id\":\"https:\\\/\\\/www.vintagepalermo.it\\\/#website\"},\"datePublished\":\"2015-06-28T03:22:39+00:00\",\"dateModified\":\"2025-04-22T07:25:18+00:00\",\"breadcrumb\":{\"@id\":\"https:\\\/\\\/www.vintagepalermo.it\\\/es\\\/guia-por-la-ciudad\\\/#breadcrumb\"},\"inLanguage\":\"es\",\"potentialAction\":[{\"@type\":\"ReadAction\",\"target\":[\"https:\\\/\\\/www.vintagepalermo.it\\\/es\\\/guia-por-la-ciudad\\\/\"]}]},{\"@type\":\"BreadcrumbList\",\"@id\":\"https:\\\/\\\/www.vintagepalermo.it\\\/es\\\/guia-por-la-ciudad\\\/#breadcrumb\",\"itemListElement\":[{\"@type\":\"ListItem\",\"position\":1,\"name\":\"Home\",\"item\":\"https:\\\/\\\/www.vintagepalermo.it\\\/es\\\/\"},{\"@type\":\"ListItem\",\"position\":2,\"name\":\"Guia por la ciudad\"}]},{\"@type\":\"WebSite\",\"@id\":\"https:\\\/\\\/www.vintagepalermo.it\\\/#website\",\"url\":\"https:\\\/\\\/www.vintagepalermo.it\\\/\",\"name\":\"Boutique B&amp;B Vintage - Bed &amp; Breakfast a Palermo\",\"description\":\"\",\"potentialAction\":[{\"@type\":\"SearchAction\",\"target\":{\"@type\":\"EntryPoint\",\"urlTemplate\":\"https:\\\/\\\/www.vintagepalermo.it\\\/?s={search_term_string}\"},\"query-input\":{\"@type\":\"PropertyValueSpecification\",\"valueRequired\":true,\"valueName\":\"search_term_string\"}}],\"inLanguage\":\"es\"}]}<\/script>\n<!-- \/ Yoast SEO plugin. -->","yoast_head_json":{"title":"Guia por la ciudad - Boutique B&amp;B Vintage - Bed &amp; Breakfast a Palermo","robots":{"index":"index","follow":"follow","max-snippet":"max-snippet:-1","max-image-preview":"max-image-preview:large","max-video-preview":"max-video-preview:-1"},"canonical":"https:\/\/www.vintagepalermo.it\/es\/guia-por-la-ciudad\/","og_locale":"es_ES","og_type":"article","og_title":"Guia por la ciudad - Boutique B&amp;B Vintage - Bed &amp; Breakfast a Palermo","og_description":"TOP 10 La Catedral Quattro Canti, Plaza Pretoria e Plaza Bellini Catacumbas Cappuccini Palacio Reale e Capilla Palatina Teatro Massimo Duomo de Monreale Mercados: Ballar\u00f2, Capo y Vucciria Jardin Botanico Palacio Butera Mondello Iglesias: La Catedral Basilica de San Francisco &hellip; Read More","og_url":"https:\/\/www.vintagepalermo.it\/es\/guia-por-la-ciudad\/","og_site_name":"Boutique B&amp;B Vintage - Bed &amp; Breakfast a Palermo","article_modified_time":"2025-04-22T07:25:18+00:00","twitter_card":"summary_large_image","twitter_misc":{"Tiempo de lectura":"6 minutos"},"schema":{"@context":"https:\/\/schema.org","@graph":[{"@type":"WebPage","@id":"https:\/\/www.vintagepalermo.it\/es\/guia-por-la-ciudad\/","url":"https:\/\/www.vintagepalermo.it\/es\/guia-por-la-ciudad\/","name":"Guia por la ciudad - Boutique B&amp;B Vintage - Bed &amp; Breakfast a Palermo","isPartOf":{"@id":"https:\/\/www.vintagepalermo.it\/#website"},"datePublished":"2015-06-28T03:22:39+00:00","dateModified":"2025-04-22T07:25:18+00:00","breadcrumb":{"@id":"https:\/\/www.vintagepalermo.it\/es\/guia-por-la-ciudad\/#breadcrumb"},"inLanguage":"es","potentialAction":[{"@type":"ReadAction","target":["https:\/\/www.vintagepalermo.it\/es\/guia-por-la-ciudad\/"]}]},{"@type":"BreadcrumbList","@id":"https:\/\/www.vintagepalermo.it\/es\/guia-por-la-ciudad\/#breadcrumb","itemListElement":[{"@type":"ListItem","position":1,"name":"Home","item":"https:\/\/www.vintagepalermo.it\/es\/"},{"@type":"ListItem","position":2,"name":"Guia por la ciudad"}]},{"@type":"WebSite","@id":"https:\/\/www.vintagepalermo.it\/#website","url":"https:\/\/www.vintagepalermo.it\/","name":"Boutique B&amp;B Vintage - Bed &amp; Breakfast a Palermo","description":"","potentialAction":[{"@type":"SearchAction","target":{"@type":"EntryPoint","urlTemplate":"https:\/\/www.vintagepalermo.it\/?s={search_term_string}"},"query-input":{"@type":"PropertyValueSpecification","valueRequired":true,"valueName":"search_term_string"}}],"inLanguage":"es"}]}},"_links":{"self":[{"href":"https:\/\/www.vintagepalermo.it\/es\/wp-json\/wp\/v2\/pages\/3156","targetHints":{"allow":["GET"]}}],"collection":[{"href":"https:\/\/www.vintagepalermo.it\/es\/wp-json\/wp\/v2\/pages"}],"about":[{"href":"https:\/\/www.vintagepalermo.it\/es\/wp-json\/wp\/v2\/types\/page"}],"author":[{"embeddable":true,"href":"https:\/\/www.vintagepalermo.it\/es\/wp-json\/wp\/v2\/users\/1"}],"replies":[{"embeddable":true,"href":"https:\/\/www.vintagepalermo.it\/es\/wp-json\/wp\/v2\/comments?post=3156"}],"version-history":[{"count":4,"href":"https:\/\/www.vintagepalermo.it\/es\/wp-json\/wp\/v2\/pages\/3156\/revisions"}],"predecessor-version":[{"id":3372,"href":"https:\/\/www.vintagepalermo.it\/es\/wp-json\/wp\/v2\/pages\/3156\/revisions\/3372"}],"wp:attachment":[{"href":"https:\/\/www.vintagepalermo.it\/es\/wp-json\/wp\/v2\/media?parent=3156"}],"curies":[{"name":"wp","href":"https:\/\/api.w.org\/{rel}","templated":true}]}}